{"id":555,"date":"2019-05-15T11:43:50","date_gmt":"2019-05-15T11:43:50","guid":{"rendered":"http:\/\/dev5.lsbolagen.se\/?page_id=555"},"modified":"2020-02-11T10:45:48","modified_gmt":"2020-02-11T10:45:48","slug":"vinkyl-vinlagringsskap-eller-vinrum-vad-ska-jag-valja","status":"publish","type":"page","link":"https:\/\/vinumpedia.com\/sv\/vinkyl-vinlagringsskap-eller-vinrum-vad-ska-jag-valja\/","title":{"rendered":"Vinkyl, vinlagringssk\u00e5p eller vinrum? &#8211; Vad ska jag v\u00e4lja?"},"content":{"rendered":"<div data-options='{&quot;id&quot;:&quot;554&quot;,&quot;lazy_load&quot;:&quot;no&quot;,&quot;masonry_enable&quot;:&quot;no&quot;,&quot;view_type&quot;:&quot;grid&quot;}' id=\"post-grid-554\" class=\"post-grid grid\">\n    \n\n\n    <div class=\"grid-items\">\n      <div class=\"item item-1037 skin flat even 0\">\n        <div class=\"layer-wrapper layout-\">\n        <div class=\"layer-media\"><a href=\"https:\/\/vinumpedia.com\/sv\/aging-wine-what-is-important\/\"><img decoding=\"async\" alt=\"\" src=\"https:\/\/vinumpedia.com\/wp-content\/uploads\/2020\/02\/vinhylla.jpg\" \/><\/a><\/div>\n  <div class=\"layer-content\">\n        <div class=\"element element_0  title\">\r\n                    <a target=\"\"\r\n                href=\"https:\/\/vinumpedia.com\/sv\/aging-wine-what-is-important\/\">Vinlagring \u2013 Vad \u00e4r viktigt?<\/a>\r\n            <\/div>\r\n  <\/div>\n    <\/div>\n  <\/div><div class=\"item item-1030 skin flat odd 1\">\n        <div class=\"layer-wrapper layout-\">\n        <div class=\"layer-media\"><a href=\"https:\/\/vinumpedia.com\/sv\/build-a-wine-cellar-for-your-wine-collection\/\"><img decoding=\"async\" alt=\"\" src=\"https:\/\/vinumpedia.com\/wp-content\/uploads\/2020\/02\/vinkallare.jpg\" \/><\/a><\/div>\n  <div class=\"layer-content\">\n        <div class=\"element element_0  title\">\r\n                    <a target=\"\"\r\n                href=\"https:\/\/vinumpedia.com\/sv\/build-a-wine-cellar-for-your-wine-collection\/\">Bygg en vink\u00e4llare till din vinsamling<\/a>\r\n            <\/div>\r\n  <\/div>\n    <\/div>\n  <\/div><div class=\"item item-980 skin flat even 2\">\n        <div class=\"layer-wrapper layout-\">\n        <div class=\"layer-media\"><a href=\"https:\/\/vinumpedia.com\/sv\/test-built-in-wine-coolers-2020-we-compare-different-models-and-brands\/\"><img decoding=\"async\" alt=\"vinkylstest-2020-inbyggbara-vinkylar.jpg\" src=\"https:\/\/vinumpedia.com\/wp-content\/uploads\/2020\/06\/vinkylstest-2020-inbyggbara-vinkylar.jpg\" \/><\/a><\/div>\n  <div class=\"layer-content\">\n        <div class=\"element element_0  title\">\r\n                    <a target=\"\"\r\n                href=\"https:\/\/vinumpedia.com\/sv\/test-built-in-wine-coolers-2020-we-compare-different-models-and-brands\/\">Test Inbyggbara Vinkylar 2020 \u2013 Vi j\u00e4mf\u00f6r olika modeller och varum\u00e4rken<\/a>\r\n            <\/div>\r\n  <\/div>\n    <\/div>\n  <\/div><div class=\"item item-191 skin flat odd 3\">\n        <div class=\"layer-wrapper layout-\">\n        <div class=\"layer-media\"><a href=\"https:\/\/vinumpedia.com\/sv\/test-free-standing-wine-coolers-2020-we-compare-different-models-and-brands\/\"><img decoding=\"async\" alt=\"\" src=\"https:\/\/vinumpedia.com\/wp-content\/uploads\/2020\/05\/vinkylstest-2020-fristaende-vinkylar.jpg\" \/><\/a><\/div>\n  <div class=\"layer-content\">\n        <div class=\"element element_0  title\">\r\n                    <a target=\"\"\r\n                href=\"https:\/\/vinumpedia.com\/sv\/test-free-standing-wine-coolers-2020-we-compare-different-models-and-brands\/\">Test Frist\u00e5ende Vinkylar 2020 - Vi j\u00e4mf\u00f6r olika modeller och varum\u00e4rken<\/a>\r\n            <\/div>\r\n  <\/div>\n    <\/div>\n  <\/div><div class=\"item item-144 skin flat even 4\">\n        <div class=\"layer-wrapper layout-\">\n        <div class=\"layer-media\"><a href=\"https:\/\/vinumpedia.com\/sv\/wine-cooler\/\"><img decoding=\"async\" alt=\"\" src=\"https:\/\/vinumpedia.com\/wp-content\/uploads\/2020\/02\/vinlagring-stamning.jpg\" \/><\/a><\/div>\n  <div class=\"layer-content\">\n        <div class=\"element element_0  title\">\r\n                    <a target=\"\"\r\n                href=\"https:\/\/vinumpedia.com\/sv\/wine-cooler\/\">Vinkyl \u2013 Allt du beh\u00f6ver veta inf\u00f6r ditt k\u00f6p!<\/a>\r\n            <\/div>\r\n  <\/div>\n    <\/div>\n  <\/div>    <\/div>\n    <div class=\"pagination\">\n      <div class=\"paginate\">\n      <\/div>\n  <style type=\"text\/css\">\n    #post-grid-554 .pagination .page-numbers {\n      font-size: 17px;\n      color: #646464;\n      background: #646464;\n    }\n\n    #post-grid-554 .pagination .page-numbers:hover,\n    #post-grid-554 .pagination .page-numbers.current {\n      background: #4b4b4b;\n    }\n  <\/style>\n  <\/div>\n      <style type=\"text\/css\">\n      \/*Write your CSS code here*\/\r\n#post-grid-132 .item{\r\nfloat:left;\r\n}\r\n#post-grid-132 .item{\r\nheight:240px;}    <\/style>\n      <script>\n          \/*Write your js code here*\/          <\/script>\n    <style type=\"text\/css\">\n    #post-grid-554 .element_0 {\n      display: block;font-size: 16px;line-height: normal;padding: 5px 5px;text-align: left; font-weight:bold;    }\n\n    #post-grid-554 .element_0:hover{}  <\/style>\n  <style type=\"text\/css\">\n    #post-grid-554 {\n      padding: 10px;\n      background-color: #fff;\n          }\n\n    #post-grid-554 .item {\n      background: #fff;\n          }\n\n    #post-grid-554 .item .layer-media {\n      height:auto;    }\n\n    @media only screen and (min-width: 0px) and (max-width: 767px) {\n      #post-grid-554 .grid-items {\n        text-align: center;\n              }\n\n      #post-grid-554 .item {\n        width: 90%;\n        margin: 10px;\n        display: inline-block;\n        vertical-align: top;\n        height:240px;      }\n    }\n\n    @media only screen and (min-width: 768px) and (max-width: 1023px) {\n      #post-grid-554 .grid-items {\n        text-align: center;\n              }\n\n      #post-grid-554 .item {\n        width: 270px;\n        margin: 10px;\n        display: inline-block;\n        vertical-align: top;\n        max-height:auto;      }\n    }\n\n    @media only screen and (min-width: 1024px) {\n      #post-grid-554 .grid-items {\n        text-align: center;\n              }\n\n      #post-grid-554 .item {\n        width: 220px;\n        display: inline-block;\n        margin: 10px;\n        vertical-align: top;\n        height:240px;      }\n    }\n\n      <\/style>\n  <\/div>","protected":false},"excerpt":{"rendered":"","protected":false},"author":1,"featured_media":0,"parent":0,"menu_order":0,"comment_status":"closed","ping_status":"closed","template":"","meta":{"_monsterinsights_skip_tracking":false,"_monsterinsights_sitenote_active":false,"_monsterinsights_sitenote_note":"","_monsterinsights_sitenote_category":0,"footnotes":""},"class_list":["post-555","page","type-page","status-publish","hentry"],"rttpg_featured_image_url":null,"rttpg_author":{"display_name":"admin","author_link":"https:\/\/vinumpedia.com\/sv\/author\/admin\/"},"rttpg_comment":0,"rttpg_category":"","rttpg_excerpt":null,"_links":{"self":[{"href":"https:\/\/vinumpedia.com\/sv\/wp-json\/wp\/v2\/pages\/555","targetHints":{"allow":["GET"]}}],"collection":[{"href":"https:\/\/vinumpedia.com\/sv\/wp-json\/wp\/v2\/pages"}],"about":[{"href":"https:\/\/vinumpedia.com\/sv\/wp-json\/wp\/v2\/types\/page"}],"author":[{"embeddable":true,"href":"https:\/\/vinumpedia.com\/sv\/wp-json\/wp\/v2\/users\/1"}],"replies":[{"embeddable":true,"href":"https:\/\/vinumpedia.com\/sv\/wp-json\/wp\/v2\/comments?post=555"}],"version-history":[{"count":1,"href":"https:\/\/vinumpedia.com\/sv\/wp-json\/wp\/v2\/pages\/555\/revisions"}],"predecessor-version":[{"id":556,"href":"https:\/\/vinumpedia.com\/sv\/wp-json\/wp\/v2\/pages\/555\/revisions\/556"}],"wp:attachment":[{"href":"https:\/\/vinumpedia.com\/sv\/wp-json\/wp\/v2\/media?parent=555"}],"curies":[{"name":"wp","href":"https:\/\/api.w.org\/{rel}","templated":true}]}}